{"id":123,"date":"2024-12-30T22:42:28","date_gmt":"2024-12-30T22:42:28","guid":{"rendered":"https:\/\/christianorgaz.eu\/?page_id=123"},"modified":"2025-03-11T12:23:39","modified_gmt":"2025-03-11T12:23:39","slug":"investigacion-2","status":"publish","type":"page","link":"https:\/\/christianorgaz.eu\/index.php\/investigacion-2\/","title":{"rendered":"Investigaci\u00f3n"},"content":{"rendered":"\n<p><strong>GRUPOS DE INVESTIGACI\u00d3N<\/strong><\/p>\n\n\n\n<p>UCM 940498 &#8211; <a href=\"https:\/\/www.ucm.es\/egeco\">Empleo G\u00e9nero y Cohesi\u00f3n Social.<\/a> <\/p>\n\n\n\n<p>UCM 940180 &#8211; <a href=\"https:\/\/www.cibersomosaguas.net\/\">Grupo de Investigaci\u00f3n de la Cibercultura y los Movimientos Sociales <\/a><\/p>\n\n\n\n<p><strong>PROYECTOS  I+D+i CONVOCATORIAS NACIONALES: <\/strong><\/p>\n\n\n\n<p><strong>2022 Convocatoria de Generaci\u00f3n de Conocimiento de 2022 (I+D+I) <\/strong>\u00a0\u201cMultidimensional Masculinities and the Gender Divide [MULTIMASC]\u201d (Ref.: PID2022-141422NA-I00) IP Tom\u00e1s Cano L\u00f3pez (UNED). En curso. <\/p>\n\n\n\n<p><strong>2021 Convocatoria de Generaci\u00f3n de Conocimiento 2021 (I+D+i) <\/strong>DiViSAR: Pr\u00e1cticas de violencia sexual digital entre la adolescencia y juventud espa\u00f1ola. (PID2021-123071Na-100). IP Elisa Garc\u00eda Mingo (Universidad Complutense de Madrid).\u00a0<\/p>\n\n\n\n<p><strong>PROYECTOS EUROPEOS I+d+I<\/strong><\/p>\n\n\n\n<p><strong>2020 Scanning the European Ecosystem of Distributed Ledger Technologies for Social and Public Good<\/strong>. EU SCIENCE HUB Office of the European Union JRC121675. IP Spain Samer Hassan. (Universidad Complutense de Madrid).(2020). Labores desempe\u00f1adas como miembro del equipo: dise\u00f1o metodol\u00f3gico, campo y an\u00e1lisis.\u00a0<\/p>\n\n\n\n<p><strong>2018 <\/strong>\u00a0<strong>P2P Models: Decentralized Blockchain-based Organizations for Bootstrapping the Collaborative Economy<\/strong> (#759207). European Research Council (ERC). ERC Starting Grant. IP Samer Hassan. (Universidad Complutense de Madrid) (2018-2022).\u00a0<a> Labores desempe\u00f1adas como miembro del equipo: dise\u00f1o metodol\u00f3gico, campo y an\u00e1lisis.\u00a0<\/a><\/p>\n\n\n\n<p><strong>2007<\/strong> <strong>European Science Foundation:\u00a0 \u201cPolitical Communication Culture in Western Europe \u2013 A Comparative Study (in nine countries)\u201d-<\/strong> IP-Spain Juan D\u00edez Medrano (Universidad\u00a0 de Barcelona). IP Barbara Pfetsch (Freie Universit\u00e4t Berlin) (2007-2008).\u00a0 Labores desempe\u00f1adas como miembro del equipo: trabajo de campo y an\u00e1lisis.\u00a0<\/p>\n\n\n\n<p><\/p>\n","protected":false},"excerpt":{"rendered":"<p>GRUPOS DE INVESTIGACI\u00d3N UCM 940498 &#8211; Empleo G\u00e9nero y Cohesi\u00f3n Social. UCM 940180 &#8211; Grupo de Investigaci\u00f3n de la Cibercultura y los Movimientos Sociales PROYECTOS I+D+i CONVOCATORIAS NACIONALES: 2022 Convocatoria de Generaci\u00f3n de Conocimiento de 2022 (I+D+I) \u00a0\u201cMultidimensional Masculinities and the Gender Divide [MULTIMASC]\u201d (Ref.: PID2022-141422NA-I00) IP Tom\u00e1s Cano L\u00f3pez (UNED). En curso. 2021 Convocatoria&#8230;<\/p>\n","protected":false},"author":1,"featured_media":0,"parent":0,"menu_order":0,"comment_status":"closed","ping_status":"closed","template":"","meta":{"footnotes":""},"class_list":["post-123","page","type-page","status-publish","hentry"],"_links":{"self":[{"href":"https:\/\/christianorgaz.eu\/index.php\/wp-json\/wp\/v2\/pages\/123","targetHints":{"allow":["GET"]}}],"collection":[{"href":"https:\/\/christianorgaz.eu\/index.php\/wp-json\/wp\/v2\/pages"}],"about":[{"href":"https:\/\/christianorgaz.eu\/index.php\/wp-json\/wp\/v2\/types\/page"}],"author":[{"embeddable":true,"href":"https:\/\/christianorgaz.eu\/index.php\/wp-json\/wp\/v2\/users\/1"}],"replies":[{"embeddable":true,"href":"https:\/\/christianorgaz.eu\/index.php\/wp-json\/wp\/v2\/comments?post=123"}],"version-history":[{"count":6,"href":"https:\/\/christianorgaz.eu\/index.php\/wp-json\/wp\/v2\/pages\/123\/revisions"}],"predecessor-version":[{"id":198,"href":"https:\/\/christianorgaz.eu\/index.php\/wp-json\/wp\/v2\/pages\/123\/revisions\/198"}],"wp:attachment":[{"href":"https:\/\/christianorgaz.eu\/index.php\/wp-json\/wp\/v2\/media?parent=123"}],"curies":[{"name":"wp","href":"https:\/\/api.w.org\/{rel}","templated":true}]}}