{"id":143,"date":"2025-01-08T17:26:12","date_gmt":"2025-01-08T17:26:12","guid":{"rendered":"https:\/\/christianorgaz.eu\/?page_id=143"},"modified":"2025-03-11T13:52:21","modified_gmt":"2025-03-11T13:52:21","slug":"recursos-docentes","status":"publish","type":"page","link":"https:\/\/christianorgaz.eu\/index.php\/recursos-docentes\/","title":{"rendered":"Recursos Docentes"},"content":{"rendered":"\n<p><a href=\"https:\/\/christianorgaz.eu\/index.php\/2025\/01\/08\/metodologia-referencias-comentadas\/\" data-type=\"post\" data-id=\"139\">Bibliograf\u00eda metodol\u00f3gica comentada<\/a><\/p>\n\n\n\n<p><a href=\"https:\/\/christianorgaz.eu\/index.php\/2025\/03\/06\/proyectos-y-disenos-de-investigacion\/\">Proyectos y dise\u00f1os de investigaci\u00f3n social <\/a><\/p>\n\n\n\n<figure class=\"wp-block-embed is-type-wp-embed is-provider-christian-orgaz wp-block-embed-christian-orgaz\"><div class=\"wp-block-embed__wrapper\">\n<blockquote class=\"wp-embedded-content\" data-secret=\"7fH2elyqTR\"><a href=\"https:\/\/christianorgaz.eu\/index.php\/2025\/03\/11\/corrientes-en-el-analisis-del-discurso-y-ejemplos\/\">El an\u00e1lisis del discurso en la investigaci\u00f3n social: teor\u00edas y pr\u00e1cticas (ejemplos)<\/a><\/blockquote><iframe loading=\"lazy\" class=\"wp-embedded-content\" sandbox=\"allow-scripts\" security=\"restricted\" style=\"position: absolute; visibility: hidden;\" title=\"&#8220;El an\u00e1lisis del discurso en la investigaci\u00f3n social: teor\u00edas y pr\u00e1cticas (ejemplos)&#8221; &#8212; Christian Orgaz\" src=\"https:\/\/christianorgaz.eu\/index.php\/2025\/03\/11\/corrientes-en-el-analisis-del-discurso-y-ejemplos\/embed\/#?secret=hh0fTsRpJ0#?secret=7fH2elyqTR\" data-secret=\"7fH2elyqTR\" width=\"600\" height=\"338\" frameborder=\"0\" marginwidth=\"0\" marginheight=\"0\" scrolling=\"no\"><\/iframe>\n<\/div><\/figure>\n\n\n\n<p><\/p>\n","protected":false},"excerpt":{"rendered":"<p>Bibliograf\u00eda metodol\u00f3gica comentada Proyectos y dise\u00f1os de investigaci\u00f3n social<\/p>\n","protected":false},"author":1,"featured_media":0,"parent":0,"menu_order":0,"comment_status":"closed","ping_status":"closed","template":"","meta":{"footnotes":""},"class_list":["post-143","page","type-page","status-publish","hentry"],"_links":{"self":[{"href":"https:\/\/christianorgaz.eu\/index.php\/wp-json\/wp\/v2\/pages\/143","targetHints":{"allow":["GET"]}}],"collection":[{"href":"https:\/\/christianorgaz.eu\/index.php\/wp-json\/wp\/v2\/pages"}],"about":[{"href":"https:\/\/christianorgaz.eu\/index.php\/wp-json\/wp\/v2\/types\/page"}],"author":[{"embeddable":true,"href":"https:\/\/christianorgaz.eu\/index.php\/wp-json\/wp\/v2\/users\/1"}],"replies":[{"embeddable":true,"href":"https:\/\/christianorgaz.eu\/index.php\/wp-json\/wp\/v2\/comments?post=143"}],"version-history":[{"count":4,"href":"https:\/\/christianorgaz.eu\/index.php\/wp-json\/wp\/v2\/pages\/143\/revisions"}],"predecessor-version":[{"id":207,"href":"https:\/\/christianorgaz.eu\/index.php\/wp-json\/wp\/v2\/pages\/143\/revisions\/207"}],"wp:attachment":[{"href":"https:\/\/christianorgaz.eu\/index.php\/wp-json\/wp\/v2\/media?parent=143"}],"curies":[{"name":"wp","href":"https:\/\/api.w.org\/{rel}","templated":true}]}}