{"id":19,"date":"2023-05-19T17:27:54","date_gmt":"2023-05-19T17:27:54","guid":{"rendered":"http:\/\/christianorgaz.eu\/?page_id=19"},"modified":"2025-10-22T12:27:52","modified_gmt":"2025-10-22T12:27:52","slug":"clases","status":"publish","type":"page","link":"https:\/\/christianorgaz.eu\/index.php\/clases\/","title":{"rendered":"Docencia"},"content":{"rendered":"\n<p><strong>M\u00e1ster<\/strong>: <\/p>\n\n\n\n<p>Introducci\u00f3n a la Metodolog\u00eda de la Investigaci\u00f3n Social, UCM. <\/p>\n\n\n\n<p>Investigaci\u00f3n de Mercados, UCM. <\/p>\n\n\n\n<p><\/p>\n\n\n\n<p><\/p>\n\n\n\n<p><\/p>\n\n\n\n<p><strong>Asignaturas oficiales de grado: <\/strong><\/p>\n\n\n\n<p><\/p>\n\n\n\n<p>An\u00e1lisis demogr\u00e1fico, Grado de Sociolog\u00eda, UNED.<\/p>\n\n\n\n<p>Estad\u00edstica descriptiva aplicada a las Ciencias Sociales, Grado de Sociolog\u00eda, UCM.<\/p>\n\n\n\n<p>Estad\u00edstica descriptiva aplicada a las Ciencias Sociales, Grado Trabajo Social, UCM.<\/p>\n\n\n\n<p>Estad\u00edstica Inferencial aplicada a las Ciencias Sociales, Doble grado de Pol\u00edticas y Sociolog\u00eda, UCM.<\/p>\n\n\n\n<p>Introducci\u00f3n a la sociolog\u00eda, Grado de Antropolog\u00eda, UCM.<\/p>\n\n\n\n<p>Introducci\u00f3n a la sociolog\u00eda, Grado de Ciencias Pol\u00edticas, UCM. <\/p>\n\n\n\n<p>M\u00e9todos y t\u00e9cnicas de investigaci\u00f3n social: Grado de Trabajo Social, UCM. <\/p>\n\n\n\n<p>Sociolog\u00eda General: Grado de Sociolog\u00eda, UCM. <\/p>\n\n\n\n<p>Sociolog\u00eda y Pol\u00edtica, Grado de Sociolog\u00eda, UNED.<\/p>\n\n\n\n<p><strong>Cursos optativos master y doctorado<\/strong><\/p>\n\n\n\n<p>Dise\u00f1o de proyectos y an\u00e1lisis: M\u00e1ster de Ciencia Pol\u00edtica, M\u00e1ster de M\u00e9todos y T\u00e9cnicas, Doctorado de Ciencias Pol\u00edticas, Doctorado de Trabajo Social, todo ello en la UCM. <\/p>\n\n\n\n<p>An\u00e1lisis Sociol\u00f3gico del Discurso.<\/p>\n\n\n\n<p><strong>Proyectos Innovaci\u00f3n Docente:<\/strong><\/p>\n\n\n\n<p><a href=\"https:\/\/www.ucm.es\/bettercall\">Curso 2023\/2024 Proyecto de Innovaci\u00f3n educativa: Podscat como trabajo de fin de grado. UCM<\/a><\/p>\n\n\n\n<p><a href=\"https:\/\/docta.ucm.es\/rest\/api\/core\/bitstreams\/87cb9a30-70b8-4bca-924b-004b8fdf8bce\/content\">Curso 2024\/2025 Metodolog\u00edas Digitales Con-Takto<\/a><\/p>\n\n\n\n<p><\/p>\n","protected":false},"excerpt":{"rendered":"<p>M\u00e1ster: Introducci\u00f3n a la Metodolog\u00eda de la Investigaci\u00f3n Social, UCM. Investigaci\u00f3n de Mercados, UCM. Asignaturas oficiales de grado: An\u00e1lisis demogr\u00e1fico, Grado de Sociolog\u00eda, UNED. Estad\u00edstica descriptiva aplicada a las Ciencias Sociales, Grado de Sociolog\u00eda, UCM. Estad\u00edstica descriptiva aplicada a las Ciencias Sociales, Grado Trabajo Social, UCM. Estad\u00edstica Inferencial aplicada a las Ciencias Sociales, Doble grado&#8230;<\/p>\n","protected":false},"author":1,"featured_media":0,"parent":0,"menu_order":0,"comment_status":"closed","ping_status":"closed","template":"","meta":{"footnotes":""},"class_list":["post-19","page","type-page","status-publish","hentry"],"_links":{"self":[{"href":"https:\/\/christianorgaz.eu\/index.php\/wp-json\/wp\/v2\/pages\/19","targetHints":{"allow":["GET"]}}],"collection":[{"href":"https:\/\/christianorgaz.eu\/index.php\/wp-json\/wp\/v2\/pages"}],"about":[{"href":"https:\/\/christianorgaz.eu\/index.php\/wp-json\/wp\/v2\/types\/page"}],"author":[{"embeddable":true,"href":"https:\/\/christianorgaz.eu\/index.php\/wp-json\/wp\/v2\/users\/1"}],"replies":[{"embeddable":true,"href":"https:\/\/christianorgaz.eu\/index.php\/wp-json\/wp\/v2\/comments?post=19"}],"version-history":[{"count":9,"href":"https:\/\/christianorgaz.eu\/index.php\/wp-json\/wp\/v2\/pages\/19\/revisions"}],"predecessor-version":[{"id":239,"href":"https:\/\/christianorgaz.eu\/index.php\/wp-json\/wp\/v2\/pages\/19\/revisions\/239"}],"wp:attachment":[{"href":"https:\/\/christianorgaz.eu\/index.php\/wp-json\/wp\/v2\/media?parent=19"}],"curies":[{"name":"wp","href":"https:\/\/api.w.org\/{rel}","templated":true}]}}