{"id":240,"date":"2025-10-22T15:29:05","date_gmt":"2025-10-22T15:29:05","guid":{"rendered":"https:\/\/christianorgaz.eu\/?page_id=240"},"modified":"2025-11-19T12:58:50","modified_gmt":"2025-11-19T12:58:50","slug":"introduccion-a-la-metodologia-de-la-investigacion","status":"publish","type":"page","link":"https:\/\/christianorgaz.eu\/index.php\/clases\/introduccion-a-la-metodologia-de-la-investigacion\/","title":{"rendered":"Introducci\u00f3n a la metodolog\u00eda de la investigaci\u00f3n"},"content":{"rendered":"","protected":true},"excerpt":{"rendered":"","protected":true},"author":1,"featured_media":0,"parent":19,"menu_order":0,"comment_status":"closed","ping_status":"closed","template":"","meta":{"footnotes":""},"class_list":["post-240","page","type-page","status-publish","post-password-required","hentry"],"_links":{"self":[{"href":"https:\/\/christianorgaz.eu\/index.php\/wp-json\/wp\/v2\/pages\/240","targetHints":{"allow":["GET"]}}],"collection":[{"href":"https:\/\/christianorgaz.eu\/index.php\/wp-json\/wp\/v2\/pages"}],"about":[{"href":"https:\/\/christianorgaz.eu\/index.php\/wp-json\/wp\/v2\/types\/page"}],"author":[{"embeddable":true,"href":"https:\/\/christianorgaz.eu\/index.php\/wp-json\/wp\/v2\/users\/1"}],"replies":[{"embeddable":true,"href":"https:\/\/christianorgaz.eu\/index.php\/wp-json\/wp\/v2\/comments?post=240"}],"version-history":[{"count":3,"href":"https:\/\/christianorgaz.eu\/index.php\/wp-json\/wp\/v2\/pages\/240\/revisions"}],"predecessor-version":[{"id":244,"href":"https:\/\/christianorgaz.eu\/index.php\/wp-json\/wp\/v2\/pages\/240\/revisions\/244"}],"up":[{"embeddable":true,"href":"https:\/\/christianorgaz.eu\/index.php\/wp-json\/wp\/v2\/pages\/19"}],"wp:attachment":[{"href":"https:\/\/christianorgaz.eu\/index.php\/wp-json\/wp\/v2\/media?parent=240"}],"curies":[{"name":"wp","href":"https:\/\/api.w.org\/{rel}","templated":true}]}}