{"id":72,"date":"2023-05-19T19:13:47","date_gmt":"2023-05-19T19:13:47","guid":{"rendered":"http:\/\/christianorgaz.eu\/?page_id=72"},"modified":"2024-12-30T23:28:45","modified_gmt":"2024-12-30T23:28:45","slug":"investigacion","status":"publish","type":"page","link":"https:\/\/christianorgaz.eu\/index.php\/investigacion\/","title":{"rendered":"Iniciativas"},"content":{"rendered":"\n<p>Iniciativas que vengo desarrollando en diferentes \u00e1mbitos:<\/p>\n\n\n\n<p class=\"has-black-color has-text-color\"><strong>Acad\u00e9mico<\/strong><\/p>\n\n\n\n<p><a href=\"https:\/\/archivosociologiacritica.org\/\">Archivo de Sociolog\u00eda Cr\u00edtica<\/a>, desde 2017 (cofundador)<\/p>\n\n\n\n<p><\/p>\n\n\n\n<p class=\"has-black-color has-text-color\"><strong>Investigaci\u00f3n aplicada <\/strong><\/p>\n\n\n\n<p><a href=\"https:\/\/indaga.org\/\">Indaga: Investigaci\u00f3n, Formaci\u00f3n e Intervenci\u00f3n sociol\u00f3gica<\/a> , desde el a\u00f1o 2011 (cofundador)<\/p>\n\n\n\n<p><\/p>\n\n\n\n<p class=\"has-black-color has-text-color\"><strong>Organizaciones Sociales<\/strong><\/p>\n\n\n\n<p><a href=\"https:\/\/observatoriorain.wordpress.com\/\">Observatorio del Racismo Institucional (RAIN)<\/a>, desde 2017 (cofundador) <\/p>\n\n\n\n<p><a href=\"https:\/\/nosaltresyogalavapies.org\/\">Nosaltres Yoga,<\/a> desde 2014 (cofundador)<\/p>\n\n\n\n<p><\/p>\n","protected":false},"excerpt":{"rendered":"<p>Iniciativas que vengo desarrollando en diferentes \u00e1mbitos: Acad\u00e9mico Archivo de Sociolog\u00eda Cr\u00edtica, desde 2017 (cofundador) Investigaci\u00f3n aplicada Indaga: Investigaci\u00f3n, Formaci\u00f3n e Intervenci\u00f3n sociol\u00f3gica , desde el a\u00f1o 2011 (cofundador) Organizaciones Sociales Observatorio del Racismo Institucional (RAIN), desde 2017 (cofundador) Nosaltres Yoga, desde 2014 (cofundador)<\/p>\n","protected":false},"author":1,"featured_media":0,"parent":0,"menu_order":0,"comment_status":"closed","ping_status":"closed","template":"","meta":{"footnotes":""},"class_list":["post-72","page","type-page","status-publish","hentry"],"_links":{"self":[{"href":"https:\/\/christianorgaz.eu\/index.php\/wp-json\/wp\/v2\/pages\/72","targetHints":{"allow":["GET"]}}],"collection":[{"href":"https:\/\/christianorgaz.eu\/index.php\/wp-json\/wp\/v2\/pages"}],"about":[{"href":"https:\/\/christianorgaz.eu\/index.php\/wp-json\/wp\/v2\/types\/page"}],"author":[{"embeddable":true,"href":"https:\/\/christianorgaz.eu\/index.php\/wp-json\/wp\/v2\/users\/1"}],"replies":[{"embeddable":true,"href":"https:\/\/christianorgaz.eu\/index.php\/wp-json\/wp\/v2\/comments?post=72"}],"version-history":[{"count":16,"href":"https:\/\/christianorgaz.eu\/index.php\/wp-json\/wp\/v2\/pages\/72\/revisions"}],"predecessor-version":[{"id":137,"href":"https:\/\/christianorgaz.eu\/index.php\/wp-json\/wp\/v2\/pages\/72\/revisions\/137"}],"wp:attachment":[{"href":"https:\/\/christianorgaz.eu\/index.php\/wp-json\/wp\/v2\/media?parent=72"}],"curies":[{"name":"wp","href":"https:\/\/api.w.org\/{rel}","templated":true}]}}